{"id":578,"date":"2020-11-05T14:56:32","date_gmt":"2020-11-05T13:56:32","guid":{"rendered":"https:\/\/casinos-online.io\/?page_id=578"},"modified":"2024-02-15T14:14:42","modified_gmt":"2024-02-15T13:14:42","slug":"casinos-online-io","status":"publish","type":"page","link":"https:\/\/casinos-online.io\/sv\/","title":{"rendered":"Online casino"},"content":{"rendered":"","protected":false},"excerpt":{"rendered":"","protected":false},"author":2,"featured_media":459,"parent":0,"menu_order":0,"comment_status":"closed","ping_status":"closed","template":"","meta":{"_acf_changed":false,"footnotes":""},"class_list":["post-578","page","type-page","status-publish","has-post-thumbnail","hentry"],"acf":[],"yoast_head":"<!-- This site is optimized with the Yoast SEO plugin v27.1.1 - https:\/\/yoast.com\/product\/yoast-seo-wordpress\/ -->\n<title>Online casino i Sverige - L\u00e4s v\u00e5ra recensioner f\u00f6r mer info idag!<\/title>\n<meta name=\"description\" content=\"Online casino i Sverige - Din k\u00e4lla f\u00f6r b\u00e4st information om spelsidor p\u00e5 n\u00e4tet. L\u00e4s alla v\u00e5ra recensioner och j\u00e4mf\u00f6relser. Bes\u00f6k oss idag!\" \/>\n<meta name=\"robots\" content=\"index, follow, max-snippet:-1, max-image-preview:large, max-video-preview:-1\" \/>\n<link rel=\"canonical\" href=\"https:\/\/casinos-online.io\/sv\/\" \/>\n<meta property=\"og:locale\" content=\"sv_SE\" \/>\n<meta property=\"og:type\" content=\"article\" \/>\n<meta property=\"og:title\" content=\"Online casino i Sverige - L\u00e4s v\u00e5ra recensioner f\u00f6r mer info idag!\" \/>\n<meta property=\"og:description\" content=\"Online casino i Sverige - Din k\u00e4lla f\u00f6r b\u00e4st information om spelsidor p\u00e5 n\u00e4tet. L\u00e4s alla v\u00e5ra recensioner och j\u00e4mf\u00f6relser. Bes\u00f6k oss idag!\" \/>\n<meta property=\"og:url\" content=\"https:\/\/casinos-online.io\/sv\/\" \/>\n<meta property=\"og:site_name\" content=\"Casinos-Online.io\" \/>\n<meta property=\"article:modified_time\" content=\"2024-02-15T13:14:42+00:00\" \/>\n<meta property=\"og:image\" content=\"https:\/\/casinos-online.io\/wp-content\/uploads\/2020\/11\/online-casinos-logo.jpg\" \/>\n\t<meta property=\"og:image:width\" content=\"1500\" \/>\n\t<meta property=\"og:image:height\" content=\"1000\" \/>\n\t<meta property=\"og:image:type\" content=\"image\/jpeg\" \/>\n<meta name=\"twitter:card\" content=\"summary_large_image\" \/>\n<meta name=\"twitter:label1\" content=\"Ber\u00e4knad l\u00e4stid\" \/>\n\t<meta name=\"twitter:data1\" content=\"1 minut\" \/>\n<script type=\"application\/ld+json\" class=\"yoast-schema-graph\">{\"@context\":\"https:\/\/schema.org\",\"@graph\":[{\"@type\":\"WebPage\",\"@id\":\"https:\/\/casinos-online.io\/sv\/\",\"url\":\"https:\/\/casinos-online.io\/sv\/\",\"name\":\"Online casino i Sverige - L\u00e4s v\u00e5ra recensioner f\u00f6r mer info idag!\",\"isPartOf\":{\"@id\":\"https:\/\/casinos-online.io\/sv\/#website\"},\"primaryImageOfPage\":{\"@id\":\"https:\/\/casinos-online.io\/sv\/#primaryimage\"},\"image\":{\"@id\":\"https:\/\/casinos-online.io\/sv\/#primaryimage\"},\"thumbnailUrl\":\"https:\/\/casinos-online.io\/wp-content\/uploads\/2020\/11\/online-casinos-logo.jpg\",\"datePublished\":\"2020-11-05T13:56:32+00:00\",\"dateModified\":\"2024-02-15T13:14:42+00:00\",\"description\":\"Online casino i Sverige - Din k\u00e4lla f\u00f6r b\u00e4st information om spelsidor p\u00e5 n\u00e4tet. L\u00e4s alla v\u00e5ra recensioner och j\u00e4mf\u00f6relser. Bes\u00f6k oss idag!\",\"breadcrumb\":{\"@id\":\"https:\/\/casinos-online.io\/sv\/#breadcrumb\"},\"inLanguage\":\"sv-SE\",\"potentialAction\":[{\"@type\":\"ReadAction\",\"target\":[\"https:\/\/casinos-online.io\/sv\/\"]}]},{\"@type\":\"ImageObject\",\"inLanguage\":\"sv-SE\",\"@id\":\"https:\/\/casinos-online.io\/sv\/#primaryimage\",\"url\":\"https:\/\/casinos-online.io\/wp-content\/uploads\/2020\/11\/online-casinos-logo.jpg\",\"contentUrl\":\"https:\/\/casinos-online.io\/wp-content\/uploads\/2020\/11\/online-casinos-logo.jpg\",\"width\":1500,\"height\":1000,\"caption\":\"Casinos-Online.io\"},{\"@type\":\"BreadcrumbList\",\"@id\":\"https:\/\/casinos-online.io\/sv\/#breadcrumb\",\"itemListElement\":[{\"@type\":\"ListItem\",\"position\":1,\"name\":\"Hem\",\"item\":\"https:\/\/casinos-online.io\/sv\/\"},{\"@type\":\"ListItem\",\"position\":2,\"name\":\"Online casino\"}]},{\"@type\":\"WebSite\",\"@id\":\"https:\/\/casinos-online.io\/sv\/#website\",\"url\":\"https:\/\/casinos-online.io\/sv\/\",\"name\":\"Casinos-Online.io\",\"description\":\"Norges online casino guide\",\"potentialAction\":[{\"@type\":\"SearchAction\",\"target\":{\"@type\":\"EntryPoint\",\"urlTemplate\":\"https:\/\/casinos-online.io\/sv\/?s={search_term_string}\"},\"query-input\":{\"@type\":\"PropertyValueSpecification\",\"valueRequired\":true,\"valueName\":\"search_term_string\"}}],\"inLanguage\":\"sv-SE\"}]}<\/script>\n<!-- \/ Yoast SEO plugin. -->","yoast_head_json":{"title":"Online casino i Sverige - L\u00e4s v\u00e5ra recensioner f\u00f6r mer info idag!","description":"Online casino i Sverige - Din k\u00e4lla f\u00f6r b\u00e4st information om spelsidor p\u00e5 n\u00e4tet. L\u00e4s alla v\u00e5ra recensioner och j\u00e4mf\u00f6relser. Bes\u00f6k oss idag!","robots":{"index":"index","follow":"follow","max-snippet":"max-snippet:-1","max-image-preview":"max-image-preview:large","max-video-preview":"max-video-preview:-1"},"canonical":"https:\/\/casinos-online.io\/sv\/","og_locale":"sv_SE","og_type":"article","og_title":"Online casino i Sverige - L\u00e4s v\u00e5ra recensioner f\u00f6r mer info idag!","og_description":"Online casino i Sverige - Din k\u00e4lla f\u00f6r b\u00e4st information om spelsidor p\u00e5 n\u00e4tet. L\u00e4s alla v\u00e5ra recensioner och j\u00e4mf\u00f6relser. Bes\u00f6k oss idag!","og_url":"https:\/\/casinos-online.io\/sv\/","og_site_name":"Casinos-Online.io","article_modified_time":"2024-02-15T13:14:42+00:00","og_image":[{"width":1500,"height":1000,"url":"https:\/\/casinos-online.io\/wp-content\/uploads\/2020\/11\/online-casinos-logo.jpg","type":"image\/jpeg"}],"twitter_card":"summary_large_image","twitter_misc":{"Ber\u00e4knad l\u00e4stid":"1 minut"},"schema":{"@context":"https:\/\/schema.org","@graph":[{"@type":"WebPage","@id":"https:\/\/casinos-online.io\/sv\/","url":"https:\/\/casinos-online.io\/sv\/","name":"Online casino i Sverige - L\u00e4s v\u00e5ra recensioner f\u00f6r mer info idag!","isPartOf":{"@id":"https:\/\/casinos-online.io\/sv\/#website"},"primaryImageOfPage":{"@id":"https:\/\/casinos-online.io\/sv\/#primaryimage"},"image":{"@id":"https:\/\/casinos-online.io\/sv\/#primaryimage"},"thumbnailUrl":"https:\/\/casinos-online.io\/wp-content\/uploads\/2020\/11\/online-casinos-logo.jpg","datePublished":"2020-11-05T13:56:32+00:00","dateModified":"2024-02-15T13:14:42+00:00","description":"Online casino i Sverige - Din k\u00e4lla f\u00f6r b\u00e4st information om spelsidor p\u00e5 n\u00e4tet. L\u00e4s alla v\u00e5ra recensioner och j\u00e4mf\u00f6relser. Bes\u00f6k oss idag!","breadcrumb":{"@id":"https:\/\/casinos-online.io\/sv\/#breadcrumb"},"inLanguage":"sv-SE","potentialAction":[{"@type":"ReadAction","target":["https:\/\/casinos-online.io\/sv\/"]}]},{"@type":"ImageObject","inLanguage":"sv-SE","@id":"https:\/\/casinos-online.io\/sv\/#primaryimage","url":"https:\/\/casinos-online.io\/wp-content\/uploads\/2020\/11\/online-casinos-logo.jpg","contentUrl":"https:\/\/casinos-online.io\/wp-content\/uploads\/2020\/11\/online-casinos-logo.jpg","width":1500,"height":1000,"caption":"Casinos-Online.io"},{"@type":"BreadcrumbList","@id":"https:\/\/casinos-online.io\/sv\/#breadcrumb","itemListElement":[{"@type":"ListItem","position":1,"name":"Hem","item":"https:\/\/casinos-online.io\/sv\/"},{"@type":"ListItem","position":2,"name":"Online casino"}]},{"@type":"WebSite","@id":"https:\/\/casinos-online.io\/sv\/#website","url":"https:\/\/casinos-online.io\/sv\/","name":"Casinos-Online.io","description":"Norges online casino guide","potentialAction":[{"@type":"SearchAction","target":{"@type":"EntryPoint","urlTemplate":"https:\/\/casinos-online.io\/sv\/?s={search_term_string}"},"query-input":{"@type":"PropertyValueSpecification","valueRequired":true,"valueName":"search_term_string"}}],"inLanguage":"sv-SE"}]}},"_links":{"self":[{"href":"https:\/\/casinos-online.io\/sv\/wp-json\/wp\/v2\/pages\/578","targetHints":{"allow":["GET"]}}],"collection":[{"href":"https:\/\/casinos-online.io\/sv\/wp-json\/wp\/v2\/pages"}],"about":[{"href":"https:\/\/casinos-online.io\/sv\/wp-json\/wp\/v2\/types\/page"}],"author":[{"embeddable":true,"href":"https:\/\/casinos-online.io\/sv\/wp-json\/wp\/v2\/users\/2"}],"replies":[{"embeddable":true,"href":"https:\/\/casinos-online.io\/sv\/wp-json\/wp\/v2\/comments?post=578"}],"version-history":[{"count":5,"href":"https:\/\/casinos-online.io\/sv\/wp-json\/wp\/v2\/pages\/578\/revisions"}],"predecessor-version":[{"id":1361,"href":"https:\/\/casinos-online.io\/sv\/wp-json\/wp\/v2\/pages\/578\/revisions\/1361"}],"wp:featuredmedia":[{"embeddable":true,"href":"https:\/\/casinos-online.io\/sv\/wp-json\/wp\/v2\/media\/459"}],"wp:attachment":[{"href":"https:\/\/casinos-online.io\/sv\/wp-json\/wp\/v2\/media?parent=578"}],"curies":[{"name":"wp","href":"https:\/\/api.w.org\/{rel}","templated":true}]}}